{"id":278,"date":"2026-01-08T11:16:43","date_gmt":"2026-01-08T11:16:43","guid":{"rendered":"https:\/\/kaenkadunpalvelutalot.fi\/?page_id=278"},"modified":"2026-01-08T13:40:04","modified_gmt":"2026-01-08T13:40:04","slug":"tietosuojaseloste","status":"publish","type":"page","link":"https:\/\/kaenkadunpalvelutalot.fi\/?page_id=278","title":{"rendered":"Tietosuojaseloste"},"content":{"rendered":"\t\t<div data-elementor-type=\"wp-page\" data-elementor-id=\"278\" class=\"elementor elementor-278\">\n\t\t\t\t<div class=\"elementor-element elementor-element-4e0517c e-flex e-con-boxed e-con e-parent\" data-id=\"4e0517c\" data-element_type=\"container\" data-settings=\"{&quot;background_background&quot;:&quot;classic&quot;}\">\n\t\t\t\t\t<div class=\"e-con-inner\">\n\t\t\t\t<div class=\"elementor-element elementor-element-8773e25 elementor-widget elementor-widget-heading\" data-id=\"8773e25\" data-element_type=\"widget\" data-widget_type=\"heading.default\">\n\t\t\t\t\t<h1 class=\"elementor-heading-title elementor-size-default\">TIetosuojaseloste<\/h1>\t\t\t\t<\/div>\n\t\t\t\t<div class=\"elementor-element elementor-element-8e7a052 elementor-widget elementor-widget-text-editor\" data-id=\"8e7a052\" data-element_type=\"widget\" data-widget_type=\"text-editor.default\">\n\t\t\t\t\t\t\t\t\t<p>Laatimisp\u00e4iv\u00e4 8.1.2026<\/p><p>Rekisterinpit\u00e4j\u00e4: Imatran Vanhusten ja El\u00e4kel\u00e4isten Palvelus\u00e4\u00e4ti\u00f6 sr<\/p><p>Y-tunnus 0532884-9<\/p><p>Tietosuojavastaava: Heli Hiltula <span style=\"color: #666699;\">(<a style=\"color: #666699;\" href=\"mailto:heli.hiltula@imatrantalokeskus.fi\">heli.hiltula@imatrantalokeskus.fi<\/a>)<\/span><\/p>\t\t\t\t\t\t\t\t<\/div>\n\t\t\t\t<div class=\"elementor-element elementor-element-4e2b0c7 elementor-widget elementor-widget-heading\" data-id=\"4e2b0c7\" data-element_type=\"widget\" data-widget_type=\"heading.default\">\n\t\t\t\t\t<h2 class=\"elementor-heading-title elementor-size-default\">Rekisterin tarkoitus\n\n<\/h2>\t\t\t\t<\/div>\n\t\t\t\t<div class=\"elementor-element elementor-element-7e7c082 elementor-widget elementor-widget-text-editor\" data-id=\"7e7c082\" data-element_type=\"widget\" data-widget_type=\"text-editor.default\">\n\t\t\t\t\t\t\t\t\t<p>Asiakkaiden tietoja ker\u00e4t\u00e4\u00e4n, k\u00e4sitell\u00e4\u00e4n ja s\u00e4ilytet\u00e4\u00e4n asiakkuuksien yll\u00e4pitoon ja laskuttamistarkoituksiin. Palvelujen kohdentamiseen, tarjoamiseen ja toimittamiseen sek\u00e4 kirjanpitoa ja verotusta varten.<\/p>\t\t\t\t\t\t\t\t<\/div>\n\t\t\t\t<div class=\"elementor-element elementor-element-c73b207 elementor-widget elementor-widget-heading\" data-id=\"c73b207\" data-element_type=\"widget\" data-widget_type=\"heading.default\">\n\t\t\t\t\t<h2 class=\"elementor-heading-title elementor-size-default\">Henkil\u00f6tietojen k\u00e4sittelyn tarkoitus\n\n\n<\/h2>\t\t\t\t<\/div>\n\t\t\t\t<div class=\"elementor-element elementor-element-a693c98 elementor-widget elementor-widget-text-editor\" data-id=\"a693c98\" data-element_type=\"widget\" data-widget_type=\"text-editor.default\">\n\t\t\t\t\t\t\t\t\t<p>Henkil\u00f6tietoja k\u00e4sitell\u00e4\u00e4n lain edellytt\u00e4min perustein. Rekisterin p\u00e4\u00e4asiallinen tarkoitus on yhteydenpito olemassa olevien asiakkaiden tai yhteisty\u00f6kumppaneiden kanssa. Asiakkaille voidaan l\u00e4hett\u00e4\u00e4 satunnaisesti my\u00f6s tiedotteita, kohdennettua markkinointia tai tarjota palveluita. Henkil\u00f6tietoja voidaan k\u00e4sitell\u00e4 my\u00f6s oikeudellisten velvoitteiden t\u00e4ytt\u00e4miseksi tai sopimuksen tekoa valmistelevien toimien takia.<\/p>\t\t\t\t\t\t\t\t<\/div>\n\t\t\t\t<div class=\"elementor-element elementor-element-077476e elementor-widget elementor-widget-heading\" data-id=\"077476e\" data-element_type=\"widget\" data-widget_type=\"heading.default\">\n\t\t\t\t\t<h2 class=\"elementor-heading-title elementor-size-default\">Rekisterin tietosis\u00e4lt\u00f6\n\n\n\n<\/h2>\t\t\t\t<\/div>\n\t\t\t\t<div class=\"elementor-element elementor-element-d57e473 elementor-widget elementor-widget-text-editor\" data-id=\"d57e473\" data-element_type=\"widget\" data-widget_type=\"text-editor.default\">\n\t\t\t\t\t\t\t\t\t<p>Ker\u00e4\u00e4mme rekisteriimme asiakkaistamme asuntohakemuslomakkeella kysytyt tiedot.<\/p>\t\t\t\t\t\t\t\t<\/div>\n\t\t\t\t<div class=\"elementor-element elementor-element-876391e elementor-widget elementor-widget-heading\" data-id=\"876391e\" data-element_type=\"widget\" data-widget_type=\"heading.default\">\n\t\t\t\t\t<h2 class=\"elementor-heading-title elementor-size-default\">Tietol\u00e4hteet\n\n\n<\/h2>\t\t\t\t<\/div>\n\t\t\t\t<div class=\"elementor-element elementor-element-9f5443b elementor-widget elementor-widget-text-editor\" data-id=\"9f5443b\" data-element_type=\"widget\" data-widget_type=\"text-editor.default\">\n\t\t\t\t\t\t\t\t\t<p>Tiedot hankitaan asiakkaalta tai h\u00e4nen l\u00e4hiomaiseltaan suoraan. Ker\u00e4\u00e4mme tietoa my\u00f6s kotisivuilla olevan asuntohakemuslomakkeen kautta, sek\u00e4 voimme seurata sivustomme analytiikkaa liittyen verkkosivuston k\u00e4ytt\u00f6\u00f6n. Saatamme ker\u00e4t\u00e4 tarvittavia tietoja my\u00f6s julkisista l\u00e4hteist\u00e4 ja rekistereist\u00e4.<\/p>\t\t\t\t\t\t\t\t<\/div>\n\t\t\t\t<div class=\"elementor-element elementor-element-313e4ec elementor-widget elementor-widget-heading\" data-id=\"313e4ec\" data-element_type=\"widget\" data-widget_type=\"heading.default\">\n\t\t\t\t\t<h2 class=\"elementor-heading-title elementor-size-default\">Tietojen luovutus ja k\u00e4sittelij\u00e4t\n\n\n\n<\/h2>\t\t\t\t<\/div>\n\t\t\t\t<div class=\"elementor-element elementor-element-08d877b elementor-widget elementor-widget-text-editor\" data-id=\"08d877b\" data-element_type=\"widget\" data-widget_type=\"text-editor.default\">\n\t\t\t\t\t\t\t\t\t<p>Henkil\u00f6tietoja ei luovuteta eteenp\u00e4in kolmansille osapuolille eik\u00e4 Euroopan talousalueen ulkopuolelle. K\u00e4sittelemme kaikkia tietoja luottamuksellisesti ja tietoturvallisesti. Henkil\u00f6tietoja k\u00e4sittelev\u00e4t ainoastaan yrityksess\u00e4mme ty\u00f6skentelev\u00e4t henkil\u00f6t, ty\u00f6teht\u00e4viins\u00e4 liittyen.<\/p>\t\t\t\t\t\t\t\t<\/div>\n\t\t\t\t<div class=\"elementor-element elementor-element-c74e062 elementor-widget elementor-widget-heading\" data-id=\"c74e062\" data-element_type=\"widget\" data-widget_type=\"heading.default\">\n\t\t\t\t\t<h2 class=\"elementor-heading-title elementor-size-default\">Tietojen suojaus ja s\u00e4ilytys\n\n\n\n\n<\/h2>\t\t\t\t<\/div>\n\t\t\t\t<div class=\"elementor-element elementor-element-e1fee93 elementor-widget elementor-widget-text-editor\" data-id=\"e1fee93\" data-element_type=\"widget\" data-widget_type=\"text-editor.default\">\n\t\t\t\t\t\t\t\t\t<p>Asiakastietoihin on p\u00e4\u00e4sy ainoastaan yrityksen ty\u00f6ntekij\u00f6ill\u00e4, jotka tietoja oleellisesti ty\u00f6ss\u00e4\u00e4n tarvitsevat. Tietoja pidet\u00e4\u00e4n ja k\u00e4sitell\u00e4\u00e4n luottamuksellisina. Tiedot on suojattu palomuurein, k\u00e4ytt\u00e4j\u00e4kohtaisin tunnuksin ja k\u00e4ytt\u00f6oikeuksin, sek\u00e4 salasanoin. Laskutustietoja v\u00e4litet\u00e4\u00e4n kirjanpit\u00e4j\u00e4lle, jolta edellytet\u00e4\u00e4n kirjallisin sopimuksin tietojen luottamuksellista k\u00e4sittely\u00e4 ja suojaamista.<\/p>\t\t\t\t\t\t\t\t<\/div>\n\t\t\t\t<div class=\"elementor-element elementor-element-dea7ae9 elementor-widget elementor-widget-heading\" data-id=\"dea7ae9\" data-element_type=\"widget\" data-widget_type=\"heading.default\">\n\t\t\t\t\t<h2 class=\"elementor-heading-title elementor-size-default\">Tarkastusoikeus\n\n\n\n\n\n<\/h2>\t\t\t\t<\/div>\n\t\t\t\t<div class=\"elementor-element elementor-element-885fbf7 elementor-widget elementor-widget-text-editor\" data-id=\"885fbf7\" data-element_type=\"widget\" data-widget_type=\"text-editor.default\">\n\t\t\t\t\t\t\t\t\t<p>Asiakkaalla on oikeus halutessaan saada n\u00e4ht\u00e4v\u00e4ksi rekisteriin merkityt henkil\u00f6tiedot. Tietoja voi muuttaa tai poistaa pyynn\u00f6st\u00e4. Pyynn\u00f6t voidaan osoittaa s\u00e4hk\u00f6postitse osoitteeseen: toimisto@imatrantalokeskus.fi<\/p>\t\t\t\t\t\t\t\t<\/div>\n\t\t\t\t<div class=\"elementor-element elementor-element-5d6c255 elementor-widget elementor-widget-heading\" data-id=\"5d6c255\" data-element_type=\"widget\" data-widget_type=\"heading.default\">\n\t\t\t\t\t<h2 class=\"elementor-heading-title elementor-size-default\">Ev\u00e4steet (cookies)\n\n\n\n\n\n\n\n<\/h2>\t\t\t\t<\/div>\n\t\t\t\t<div class=\"elementor-element elementor-element-39c091d elementor-widget elementor-widget-text-editor\" data-id=\"39c091d\" data-element_type=\"widget\" data-widget_type=\"text-editor.default\">\n\t\t\t\t\t\t\t\t\t<p>Ev\u00e4stetietoja ker\u00e4t\u00e4\u00e4n parantamaan sivuston toimivuutta ja k\u00e4ytett\u00e4vyytt\u00e4. Ev\u00e4steet eiv\u00e4t sis\u00e4ll\u00e4 henkil\u00f6tietoja eik\u00e4 niiden avulla voida suorittaa ohjelmia tai tallentaa viruksia k\u00e4ytt\u00e4j\u00e4n tietokoneelle. Ev\u00e4steet on mahdollista ottaa pois k\u00e4yt\u00f6st\u00e4, t\u00e4ll\u00f6in kuitenkaan v\u00e4ltt\u00e4m\u00e4tt\u00e4 kaikki verkkopalveluiden toiminnat eiv\u00e4t toimi normaalisti.<\/p>\t\t\t\t\t\t\t\t<\/div>\n\t\t\t\t\t<\/div>\n\t\t\t\t<\/div>\n\t\t\t\t<\/div>\n\t\t","protected":false},"excerpt":{"rendered":"<p>TIetosuojaseloste Laatimisp\u00e4iv\u00e4 8.1.2026 Rekisterinpit\u00e4j\u00e4: Imatran Vanhusten ja El\u00e4kel\u00e4isten Palvelus\u00e4\u00e4ti\u00f6 sr Y-tunnus 0532884-9 Tietosuojavastaava: Heli Hiltula (heli.hiltula@imatrantalokeskus.fi) Rekisterin tarkoitus Asiakkaiden tietoja [&hellip;]<\/p>\n","protected":false},"author":2,"featured_media":0,"parent":0,"menu_order":0,"comment_status":"closed","ping_status":"closed","template":"","meta":{"site-sidebar-layout":"no-sidebar","site-content-layout":"","ast-site-content-layout":"full-width-container","site-content-style":"default","site-sidebar-style":"default","ast-global-header-display":"","ast-banner-title-visibility":"","ast-main-header-display":"","ast-hfb-above-header-display":"","ast-hfb-below-header-display":"","ast-hfb-mobile-header-display":"","site-post-title":"disabled","ast-breadcrumbs-content":"","ast-featured-img":"disabled","footer-sml-layout":"","ast-disable-related-posts":"","theme-transparent-header-meta":"","adv-header-id-meta":"","stick-header-meta":"","header-above-stick-meta":"","header-main-stick-meta":"","header-below-stick-meta":"","astra-migrate-meta-layouts":"default","ast-page-background-enabled":"default","ast-page-background-meta":{"desktop":{"background-color":"var(--ast-global-color-5)","background-image":"","background-repeat":"repeat","background-position":"center center","background-size":"auto","background-attachment":"scroll","background-type":"","background-media":"","overlay-type":"","overlay-color":"","overlay-opacity":"","overlay-gradient":""},"tablet":{"background-color":"","background-image":"","background-repeat":"repeat","background-position":"center center","background-size":"auto","background-attachment":"scroll","background-type":"","background-media":"","overlay-type":"","overlay-color":"","overlay-opacity":"","overlay-gradient":""},"mobile":{"background-color":"","background-image":"","background-repeat":"repeat","background-position":"center center","background-size":"auto","background-attachment":"scroll","background-type":"","background-media":"","overlay-type":"","overlay-color":"","overlay-opacity":"","overlay-gradient":""}},"ast-content-background-meta":{"desktop":{"background-color":"var(--ast-global-color-4)","background-image":"","background-repeat":"repeat","background-position":"center center","background-size":"auto","background-attachment":"scroll","background-type":"","background-media":"","overlay-type":"","overlay-color":"","overlay-opacity":"","overlay-gradient":""},"tablet":{"background-color":"var(--ast-global-color-4)","background-image":"","background-repeat":"repeat","background-position":"center center","background-size":"auto","background-attachment":"scroll","background-type":"","background-media":"","overlay-type":"","overlay-color":"","overlay-opacity":"","overlay-gradient":""},"mobile":{"background-color":"var(--ast-global-color-4)","background-image":"","background-repeat":"repeat","background-position":"center center","background-size":"auto","background-attachment":"scroll","background-type":"","background-media":"","overlay-type":"","overlay-color":"","overlay-opacity":"","overlay-gradient":""}},"footnotes":""},"class_list":["post-278","page","type-page","status-publish","hentry"],"yoast_head":"<!-- This site is optimized with the Yoast SEO plugin v26.7 - https:\/\/yoast.com\/wordpress\/plugins\/seo\/ -->\n<title>Tietosuojaseloste - Imatran Vanhusten ja El\u00e4kel\u00e4isten Palvelus\u00e4\u00e4ti\u00f6<\/title>\n<meta name=\"robots\" content=\"noindex, nofollow\" \/>\n<meta property=\"og:locale\" content=\"fi_FI\" \/>\n<meta property=\"og:type\" content=\"article\" \/>\n<meta property=\"og:title\" content=\"Tietosuojaseloste - Imatran Vanhusten ja El\u00e4kel\u00e4isten Palvelus\u00e4\u00e4ti\u00f6\" \/>\n<meta property=\"og:description\" content=\"TIetosuojaseloste Laatimisp\u00e4iv\u00e4 8.1.2026 Rekisterinpit\u00e4j\u00e4: Imatran Vanhusten ja El\u00e4kel\u00e4isten Palvelus\u00e4\u00e4ti\u00f6 sr Y-tunnus 0532884-9 Tietosuojavastaava: Heli Hiltula (heli.hiltula@imatrantalokeskus.fi) Rekisterin tarkoitus Asiakkaiden tietoja [&hellip;]\" \/>\n<meta property=\"og:url\" content=\"https:\/\/kaenkadunpalvelutalot.fi\/?page_id=278\" \/>\n<meta property=\"og:site_name\" content=\"Imatran Vanhusten ja El\u00e4kel\u00e4isten Palvelus\u00e4\u00e4ti\u00f6\" \/>\n<meta property=\"article:modified_time\" content=\"2026-01-08T13:40:04+00:00\" \/>\n<meta name=\"twitter:card\" content=\"summary_large_image\" \/>\n<meta name=\"twitter:label1\" content=\"Arvioitu lukuaika\" \/>\n\t<meta name=\"twitter:data1\" content=\"2 minuuttia\" \/>\n<script type=\"application\/ld+json\" class=\"yoast-schema-graph\">{\"@context\":\"https:\/\/schema.org\",\"@graph\":[{\"@type\":\"WebPage\",\"@id\":\"https:\/\/kaenkadunpalvelutalot.fi\/?page_id=278\",\"url\":\"https:\/\/kaenkadunpalvelutalot.fi\/?page_id=278\",\"name\":\"Tietosuojaseloste - Imatran Vanhusten ja El\u00e4kel\u00e4isten Palvelus\u00e4\u00e4ti\u00f6\",\"isPartOf\":{\"@id\":\"https:\/\/kaenkadunpalvelutalot.fi\/#website\"},\"datePublished\":\"2026-01-08T11:16:43+00:00\",\"dateModified\":\"2026-01-08T13:40:04+00:00\",\"breadcrumb\":{\"@id\":\"https:\/\/kaenkadunpalvelutalot.fi\/?page_id=278#breadcrumb\"},\"inLanguage\":\"fi\",\"potentialAction\":[{\"@type\":\"ReadAction\",\"target\":[\"https:\/\/kaenkadunpalvelutalot.fi\/?page_id=278\"]}]},{\"@type\":\"BreadcrumbList\",\"@id\":\"https:\/\/kaenkadunpalvelutalot.fi\/?page_id=278#breadcrumb\",\"itemListElement\":[{\"@type\":\"ListItem\",\"position\":1,\"name\":\"Etusivu\",\"item\":\"https:\/\/kaenkadunpalvelutalot.fi\/\"},{\"@type\":\"ListItem\",\"position\":2,\"name\":\"Tietosuojaseloste\"}]},{\"@type\":\"WebSite\",\"@id\":\"https:\/\/kaenkadunpalvelutalot.fi\/#website\",\"url\":\"https:\/\/kaenkadunpalvelutalot.fi\/\",\"name\":\"Imatran Vanhusten ja El\u00e4kel\u00e4isten Palvelus\u00e4\u00e4ti\u00f6\",\"description\":\"\",\"potentialAction\":[{\"@type\":\"SearchAction\",\"target\":{\"@type\":\"EntryPoint\",\"urlTemplate\":\"https:\/\/kaenkadunpalvelutalot.fi\/?s={search_term_string}\"},\"query-input\":{\"@type\":\"PropertyValueSpecification\",\"valueRequired\":true,\"valueName\":\"search_term_string\"}}],\"inLanguage\":\"fi\"}]}<\/script>\n<!-- \/ Yoast SEO plugin. -->","yoast_head_json":{"title":"Tietosuojaseloste - Imatran Vanhusten ja El\u00e4kel\u00e4isten Palvelus\u00e4\u00e4ti\u00f6","robots":{"index":"noindex","follow":"nofollow"},"og_locale":"fi_FI","og_type":"article","og_title":"Tietosuojaseloste - Imatran Vanhusten ja El\u00e4kel\u00e4isten Palvelus\u00e4\u00e4ti\u00f6","og_description":"TIetosuojaseloste Laatimisp\u00e4iv\u00e4 8.1.2026 Rekisterinpit\u00e4j\u00e4: Imatran Vanhusten ja El\u00e4kel\u00e4isten Palvelus\u00e4\u00e4ti\u00f6 sr Y-tunnus 0532884-9 Tietosuojavastaava: Heli Hiltula (heli.hiltula@imatrantalokeskus.fi) Rekisterin tarkoitus Asiakkaiden tietoja [&hellip;]","og_url":"https:\/\/kaenkadunpalvelutalot.fi\/?page_id=278","og_site_name":"Imatran Vanhusten ja El\u00e4kel\u00e4isten Palvelus\u00e4\u00e4ti\u00f6","article_modified_time":"2026-01-08T13:40:04+00:00","twitter_card":"summary_large_image","twitter_misc":{"Arvioitu lukuaika":"2 minuuttia"},"schema":{"@context":"https:\/\/schema.org","@graph":[{"@type":"WebPage","@id":"https:\/\/kaenkadunpalvelutalot.fi\/?page_id=278","url":"https:\/\/kaenkadunpalvelutalot.fi\/?page_id=278","name":"Tietosuojaseloste - Imatran Vanhusten ja El\u00e4kel\u00e4isten Palvelus\u00e4\u00e4ti\u00f6","isPartOf":{"@id":"https:\/\/kaenkadunpalvelutalot.fi\/#website"},"datePublished":"2026-01-08T11:16:43+00:00","dateModified":"2026-01-08T13:40:04+00:00","breadcrumb":{"@id":"https:\/\/kaenkadunpalvelutalot.fi\/?page_id=278#breadcrumb"},"inLanguage":"fi","potentialAction":[{"@type":"ReadAction","target":["https:\/\/kaenkadunpalvelutalot.fi\/?page_id=278"]}]},{"@type":"BreadcrumbList","@id":"https:\/\/kaenkadunpalvelutalot.fi\/?page_id=278#breadcrumb","itemListElement":[{"@type":"ListItem","position":1,"name":"Etusivu","item":"https:\/\/kaenkadunpalvelutalot.fi\/"},{"@type":"ListItem","position":2,"name":"Tietosuojaseloste"}]},{"@type":"WebSite","@id":"https:\/\/kaenkadunpalvelutalot.fi\/#website","url":"https:\/\/kaenkadunpalvelutalot.fi\/","name":"Imatran Vanhusten ja El\u00e4kel\u00e4isten Palvelus\u00e4\u00e4ti\u00f6","description":"","potentialAction":[{"@type":"SearchAction","target":{"@type":"EntryPoint","urlTemplate":"https:\/\/kaenkadunpalvelutalot.fi\/?s={search_term_string}"},"query-input":{"@type":"PropertyValueSpecification","valueRequired":true,"valueName":"search_term_string"}}],"inLanguage":"fi"}]}},"_links":{"self":[{"href":"https:\/\/kaenkadunpalvelutalot.fi\/index.php?rest_route=\/wp\/v2\/pages\/278","targetHints":{"allow":["GET"]}}],"collection":[{"href":"https:\/\/kaenkadunpalvelutalot.fi\/index.php?rest_route=\/wp\/v2\/pages"}],"about":[{"href":"https:\/\/kaenkadunpalvelutalot.fi\/index.php?rest_route=\/wp\/v2\/types\/page"}],"author":[{"embeddable":true,"href":"https:\/\/kaenkadunpalvelutalot.fi\/index.php?rest_route=\/wp\/v2\/users\/2"}],"replies":[{"embeddable":true,"href":"https:\/\/kaenkadunpalvelutalot.fi\/index.php?rest_route=%2Fwp%2Fv2%2Fcomments&post=278"}],"version-history":[{"count":7,"href":"https:\/\/kaenkadunpalvelutalot.fi\/index.php?rest_route=\/wp\/v2\/pages\/278\/revisions"}],"predecessor-version":[{"id":287,"href":"https:\/\/kaenkadunpalvelutalot.fi\/index.php?rest_route=\/wp\/v2\/pages\/278\/revisions\/287"}],"wp:attachment":[{"href":"https:\/\/kaenkadunpalvelutalot.fi\/index.php?rest_route=%2Fwp%2Fv2%2Fmedia&parent=278"}],"curies":[{"name":"wp","href":"https:\/\/api.w.org\/{rel}","templated":true}]}}