{"id":7,"date":"2025-11-27T07:45:49","date_gmt":"2025-11-27T07:45:49","guid":{"rendered":"https:\/\/kaenkadunpalvelutalot.fi\/?page_id=7"},"modified":"2026-01-08T13:28:20","modified_gmt":"2026-01-08T13:28:20","slug":"etusivu","status":"publish","type":"page","link":"https:\/\/kaenkadunpalvelutalot.fi\/","title":{"rendered":"Etusivu"},"content":{"rendered":"\t\t<div data-elementor-type=\"wp-page\" data-elementor-id=\"7\" class=\"elementor elementor-7\">\n\t\t\t\t<div class=\"elementor-element elementor-element-6u7t9m5 e-flex e-con-boxed e-con e-parent\" data-id=\"6u7t9m5\" data-element_type=\"container\" data-settings=\"{&quot;background_background&quot;:&quot;classic&quot;}\">\n\t\t\t\t\t<div class=\"e-con-inner\">\n\t\t<div class=\"elementor-element elementor-element-ac7220f e-con-full e-flex e-con e-child\" data-id=\"ac7220f\" data-element_type=\"container\">\n\t\t\t\t<div class=\"elementor-element elementor-element-5abaae7 elementor-widget elementor-widget-heading\" data-id=\"5abaae7\" data-element_type=\"widget\" data-widget_type=\"heading.default\">\n\t\t\t\t\t<h1 class=\"elementor-heading-title elementor-size-default\">Imatran vanhusten ja el\u00e4kel\u00e4isten palvelus\u00e4\u00e4ti\u00f6<\/h1>\t\t\t\t<\/div>\n\t\t\t\t<div class=\"elementor-element elementor-element-ead726f elementor-align-center elementor-widget elementor-widget-button\" data-id=\"ead726f\" data-element_type=\"widget\" data-widget_type=\"button.default\">\n\t\t\t\t\t\t\t\t\t\t<a class=\"elementor-button elementor-button-link elementor-size-lg\" href=\"https:\/\/kaenkadunpalvelutalot.fi\/?page_id=87\">\n\t\t\t\t\t\t<span class=\"elementor-button-content-wrapper\">\n\t\t\t\t\t\t<span class=\"elementor-button-icon\">\n\t\t\t\t<svg aria-hidden=\"true\" class=\"e-font-icon-svg e-far-heart\" viewBox=\"0 0 512 512\" xmlns=\"http:\/\/www.w3.org\/2000\/svg\"><path d=\"M458.4 64.3C400.6 15.7 311.3 23 256 79.3 200.7 23 111.4 15.6 53.6 64.3-21.6 127.6-10.6 230.8 43 285.5l175.4 178.7c10 10.2 23.4 15.9 37.6 15.9 14.3 0 27.6-5.6 37.6-15.8L469 285.6c53.5-54.7 64.7-157.9-10.6-221.3zm-23.6 187.5L259.4 430.5c-2.4 2.4-4.4 2.4-6.8 0L77.2 251.8c-36.5-37.2-43.9-107.6 7.3-150.7 38.9-32.7 98.9-27.8 136.5 10.5l35 35.7 35-35.7c37.8-38.5 97.8-43.2 136.5-10.6 51.1 43.1 43.5 113.9 7.3 150.8z\"><\/path><\/svg>\t\t\t<\/span>\n\t\t\t\t\t\t\t\t\t<span class=\"elementor-button-text\">Ota yhteytt\u00e4<\/span>\n\t\t\t\t\t<\/span>\n\t\t\t\t\t<\/a>\n\t\t\t\t\t\t\t\t<\/div>\n\t\t\t\t<\/div>\n\t\t\t\t\t<\/div>\n\t\t\t\t<\/div>\n\t\t<div class=\"elementor-element elementor-element-d35f56d e-con-full e-flex e-con e-parent\" data-id=\"d35f56d\" data-element_type=\"container\" data-settings=\"{&quot;background_background&quot;:&quot;classic&quot;}\">\n\t\t<div class=\"elementor-element elementor-element-a7133cd e-con-full e-flex e-con e-child\" data-id=\"a7133cd\" data-element_type=\"container\">\n\t\t\t\t<div class=\"elementor-element elementor-element-795fed9 elementor-widget elementor-widget-heading\" data-id=\"795fed9\" data-element_type=\"widget\" data-widget_type=\"heading.default\">\n\t\t\t\t\t<h2 class=\"elementor-heading-title elementor-size-default\">Palveluasuminen Imatralla \u2013 <br>Turvalliset senioriasunnot K\u00e4enkadulla<\/h2>\t\t\t\t<\/div>\n\t\t\t\t<div class=\"elementor-element elementor-element-6023b41 elementor-widget elementor-widget-text-editor\" data-id=\"6023b41\" data-element_type=\"widget\" data-widget_type=\"text-editor.default\">\n\t\t\t\t\t\t\t\t\t<p>Tervetuloa Imatran Vanhusten ja El\u00e4kel\u00e4isten Palvelus\u00e4\u00e4ti\u00f6n kotisivuille! Olemme tarjonneet <b>turvallista ja ihmisl\u00e4heist\u00e4 asumista Imatralla<\/b> vuodesta 1984. K\u00e4enkadun palvelutalot tarjoavat el\u00e4kel\u00e4isille viihtyis\u00e4t <b>vuokra-asunnot<\/b> kodinomaisessa ja rauhallisessa ymp\u00e4rist\u00f6ss\u00e4.<\/p>\t\t\t\t\t\t\t\t<\/div>\n\t\t\t\t<\/div>\n\t\t<div class=\"elementor-element elementor-element-50d10fa e-con-full e-flex e-con e-child\" data-id=\"50d10fa\" data-element_type=\"container\">\n\t\t\t\t<div class=\"elementor-element elementor-element-a38562c elementor-widget elementor-widget-image\" data-id=\"a38562c\" data-element_type=\"widget\" data-widget_type=\"image.default\">\n\t\t\t\t\t\t\t\t\t\t\t\t\t\t\t<img fetchpriority=\"high\" decoding=\"async\" width=\"526\" height=\"362\" src=\"https:\/\/kaenkadunpalvelutalot.fi\/wp-content\/uploads\/2025\/11\/palvelusaatio.jpg\" class=\"attachment-large size-large wp-image-40\" alt=\"\" srcset=\"https:\/\/kaenkadunpalvelutalot.fi\/wp-content\/uploads\/2025\/11\/palvelusaatio.jpg 526w, https:\/\/kaenkadunpalvelutalot.fi\/wp-content\/uploads\/2025\/11\/palvelusaatio-300x206.jpg 300w\" sizes=\"(max-width: 526px) 100vw, 526px\" \/>\t\t\t\t\t\t\t\t\t\t\t\t\t\t\t<\/div>\n\t\t\t\t<\/div>\n\t\t\t\t<\/div>\n\t\t<div class=\"elementor-element elementor-element-bcc4af6 e-flex e-con-boxed e-con e-parent\" data-id=\"bcc4af6\" data-element_type=\"container\" data-settings=\"{&quot;background_background&quot;:&quot;classic&quot;}\">\n\t\t\t\t\t<div class=\"e-con-inner\">\n\t\t\t\t<div class=\"elementor-element elementor-element-3c6def5 elementor-widget elementor-widget-heading\" data-id=\"3c6def5\" data-element_type=\"widget\" data-widget_type=\"heading.default\">\n\t\t\t\t\t<h2 class=\"elementor-heading-title elementor-size-default\">Sijainti ja Kodinomainen Turvallisuus<\/h2>\t\t\t\t<\/div>\n\t\t\t\t<div class=\"elementor-element elementor-element-aac6fd6 elementor-widget elementor-widget-text-editor\" data-id=\"aac6fd6\" data-element_type=\"widget\" data-widget_type=\"text-editor.default\">\n\t\t\t\t\t\t\t\t\t<p>K\u00e4enkadun palvelutalot sijaitsevat Imatralla, Karhum\u00e4en kaupunginosassa. Tarjoamme asukkaille rauhalliset ja kodikkaat asunnot omalla viheralueella sek\u00e4 viihtyis\u00e4t ja valoisat yhteistilat. Pyrimme luomaan l\u00e4mminhenkisen kodin, jossa turvallisuus on taattu.<\/p>\t\t\t\t\t\t\t\t<\/div>\n\t\t\t\t<div class=\"elementor-element elementor-element-e3c57fb elementor-widget elementor-widget-heading\" data-id=\"e3c57fb\" data-element_type=\"widget\" data-widget_type=\"heading.default\">\n\t\t\t\t\t<h2 class=\"elementor-heading-title elementor-size-default\">K\u00e4enkadun palvelutalojen avainasioita:<\/h2>\t\t\t\t<\/div>\n\t\t\t\t\t<\/div>\n\t\t\t\t<\/div>\n\t\t<div class=\"elementor-element elementor-element-1ea7bca e-flex e-con-boxed e-con e-parent\" data-id=\"1ea7bca\" data-element_type=\"container\" data-settings=\"{&quot;background_background&quot;:&quot;classic&quot;}\">\n\t\t\t\t\t<div class=\"e-con-inner\">\n\t\t<div class=\"elementor-element elementor-element-0936753 e-con-full e-flex e-con e-child\" data-id=\"0936753\" data-element_type=\"container\">\n\t\t\t\t<div class=\"elementor-element elementor-element-498808f elementor-widget elementor-widget-heading\" data-id=\"498808f\" data-element_type=\"widget\" data-widget_type=\"heading.default\">\n\t\t\t\t\t<h2 class=\"elementor-heading-title elementor-size-default\">Rauhalliset ja viihtyis\u00e4t vuokra-asunnot el\u00e4kel\u00e4isille<\/h2>\t\t\t\t<\/div>\n\t\t\t\t<\/div>\n\t\t<div class=\"elementor-element elementor-element-a981d17 e-con-full e-flex e-con e-child\" data-id=\"a981d17\" data-element_type=\"container\">\n\t\t\t\t<div class=\"elementor-element elementor-element-ea54fed elementor-widget elementor-widget-heading\" data-id=\"ea54fed\" data-element_type=\"widget\" data-widget_type=\"heading.default\">\n\t\t\t\t\t<h2 class=\"elementor-heading-title elementor-size-default\">Viriketoimintaa, em\u00e4nt\u00e4palvelu, kiinteist\u00f6huolto, asuntojen kunnossapito<\/h2>\t\t\t\t<\/div>\n\t\t\t\t<\/div>\n\t\t<div class=\"elementor-element elementor-element-dceec8f e-con-full e-flex e-con e-child\" data-id=\"dceec8f\" data-element_type=\"container\">\n\t\t\t\t<div class=\"elementor-element elementor-element-1ff7cac elementor-widget elementor-widget-heading\" data-id=\"1ff7cac\" data-element_type=\"widget\" data-widget_type=\"heading.default\">\n\t\t\t\t\t<h2 class=\"elementor-heading-title elementor-size-default\">Luonnonl\u00e4heinen, rauhallinen ja viihtyis\u00e4 asuinalue<\/h2>\t\t\t\t<\/div>\n\t\t\t\t<\/div>\n\t\t\t\t\t<\/div>\n\t\t\t\t<\/div>\n\t\t<div class=\"elementor-element elementor-element-d542256 e-flex e-con-boxed e-con e-parent\" data-id=\"d542256\" data-element_type=\"container\" data-settings=\"{&quot;background_background&quot;:&quot;classic&quot;}\">\n\t\t\t\t\t<div class=\"e-con-inner\">\n\t\t\t\t<div class=\"elementor-element elementor-element-5906628 elementor-widget elementor-widget-heading\" data-id=\"5906628\" data-element_type=\"widget\" data-widget_type=\"heading.default\">\n\t\t\t\t\t<h2 class=\"elementor-heading-title elementor-size-default\">Arjen Tuki ja Viriketoiminta \u2013 <br>P\u00e4\u00e4t\u00e4t itse palveluistasi<\/h2>\t\t\t\t<\/div>\n\t\t\t\t<div class=\"elementor-element elementor-element-0b76dc0 elementor-widget elementor-widget-text-editor\" data-id=\"0b76dc0\" data-element_type=\"widget\" data-widget_type=\"text-editor.default\">\n\t\t\t\t\t\t\t\t\t<p>Palvelus\u00e4\u00e4ti\u00f6n em\u00e4nt\u00e4palvelusta huolehtii kumppanimme<strong> Hyvinvointia Kotiin Oy,<\/strong> jonka palveluem\u00e4nn\u00e4t ovat l\u00e4sn\u00e4 K\u00e4enkadulla s\u00e4\u00e4nn\u00f6llisesti <strong>(ma-pe klo 10\u201312, puhelinp\u00e4ivystys ma-pe klo 8\u201316, puh. <a href=\"tel:+3580405067308\">040 506 7308<\/a>). <\/strong>Palveluem\u00e4nn\u00e4t toimivat asukkaiden tukena ja turvana arjessa.<\/p>\n<p><strong>Hoiva ja kotipalvelut:<\/strong> Voit ostaa kotipalvelut, hoitoa ja hoivaa Hyvinvointia Kotiin Oy:lt\u00e4 tai muulta valitsemaltasi palveluntuottajalta.<\/p>\n<p><strong>Viriketoiminta:<\/strong>&nbsp;Palvelus\u00e4\u00e4ti\u00f6 j\u00e4rjest\u00e4\u00e4 asukkaille s\u00e4\u00e4nn\u00f6llisesti virkistystoimintaa. Lis\u00e4ksi palvelus\u00e4\u00e4ti\u00f6ll\u00e4 toimii my\u00f6s vire\u00e4 asukastoimikunta. Osallistuminen viriketoimintaan on aina vapaaehtoista.<\/p>\t\t\t\t\t\t\t\t<\/div>\n\t\t\t\t\t<\/div>\n\t\t\t\t<\/div>\n\t\t<div class=\"elementor-element elementor-element-c0be293 e-flex e-con-boxed e-con e-parent\" data-id=\"c0be293\" data-element_type=\"container\" data-settings=\"{&quot;background_background&quot;:&quot;classic&quot;}\">\n\t\t\t\t\t<div class=\"e-con-inner\">\n\t\t\t\t<div class=\"elementor-element elementor-element-e22b703 elementor-align-center elementor-widget elementor-widget-button\" data-id=\"e22b703\" data-element_type=\"widget\" data-widget_type=\"button.default\">\n\t\t\t\t\t\t\t\t\t\t<a class=\"elementor-button elementor-button-link elementor-size-lg\" href=\"https:\/\/kaenkadunpalvelutalot.fi\/?page_id=71\/#asuntohakemuslomake\">\n\t\t\t\t\t\t<span class=\"elementor-button-content-wrapper\">\n\t\t\t\t\t\t<span class=\"elementor-button-icon\">\n\t\t\t\t\t\t\t<\/span>\n\t\t\t\t\t\t\t\t\t<span class=\"elementor-button-text\">Asuntohakemus<\/span>\n\t\t\t\t\t<\/span>\n\t\t\t\t\t<\/a>\n\t\t\t\t\t\t\t\t<\/div>\n\t\t\t\t\t<\/div>\n\t\t\t\t<\/div>\n\t\t<div class=\"elementor-element elementor-element-2ac7389 e-flex e-con-boxed e-con e-parent\" data-id=\"2ac7389\" data-element_type=\"container\" data-settings=\"{&quot;background_background&quot;:&quot;classic&quot;}\">\n\t\t\t\t\t<div class=\"e-con-inner\">\n\t\t\t\t<div class=\"elementor-element elementor-element-eeab79d elementor-widget elementor-widget-heading\" data-id=\"eeab79d\" data-element_type=\"widget\" data-widget_type=\"heading.default\">\n\t\t\t\t\t<h2 class=\"elementor-heading-title elementor-size-default\">K\u00e4enkadun Palvelutalot: Turvattu tulevaisuus, aktiivinen arki.<\/h2>\t\t\t\t<\/div>\n\t\t\t\t<div class=\"elementor-element elementor-element-357575e elementor-widget-divider--view-line_icon elementor-view-default elementor-widget-divider--element-align-center elementor-widget elementor-widget-divider\" data-id=\"357575e\" data-element_type=\"widget\" data-widget_type=\"divider.default\">\n\t\t\t\t\t\t\t<div class=\"elementor-divider\">\n\t\t\t<span class=\"elementor-divider-separator\">\n\t\t\t\t\t\t\t<div class=\"elementor-icon elementor-divider__element\">\n\t\t\t\t\t<svg aria-hidden=\"true\" class=\"e-font-icon-svg e-far-heart\" viewBox=\"0 0 512 512\" xmlns=\"http:\/\/www.w3.org\/2000\/svg\"><path d=\"M458.4 64.3C400.6 15.7 311.3 23 256 79.3 200.7 23 111.4 15.6 53.6 64.3-21.6 127.6-10.6 230.8 43 285.5l175.4 178.7c10 10.2 23.4 15.9 37.6 15.9 14.3 0 27.6-5.6 37.6-15.8L469 285.6c53.5-54.7 64.7-157.9-10.6-221.3zm-23.6 187.5L259.4 430.5c-2.4 2.4-4.4 2.4-6.8 0L77.2 251.8c-36.5-37.2-43.9-107.6 7.3-150.7 38.9-32.7 98.9-27.8 136.5 10.5l35 35.7 35-35.7c37.8-38.5 97.8-43.2 136.5-10.6 51.1 43.1 43.5 113.9 7.3 150.8z\"><\/path><\/svg><\/div>\n\t\t\t\t\t\t<\/span>\n\t\t<\/div>\n\t\t\t\t\t\t<\/div>\n\t\t\t\t\t<\/div>\n\t\t\t\t<\/div>\n\t\t\t\t<\/div>\n\t\t","protected":false},"excerpt":{"rendered":"<p>Imatran vanhusten ja el\u00e4kel\u00e4isten palvelus\u00e4\u00e4ti\u00f6 Ota yhteytt\u00e4 Palveluasuminen Imatralla \u2013 Turvalliset senioriasunnot K\u00e4enkadulla Tervetuloa Imatran Vanhusten ja El\u00e4kel\u00e4isten Palvelus\u00e4\u00e4ti\u00f6n kotisivuille! [&hellip;]<\/p>\n","protected":false},"author":1,"featured_media":0,"parent":0,"menu_order":0,"comment_status":"closed","ping_status":"closed","template":"elementor_header_footer","meta":{"site-sidebar-layout":"no-sidebar","site-content-layout":"","ast-site-content-layout":"full-width-container","site-content-style":"default","site-sidebar-style":"default","ast-global-header-display":"","ast-banner-title-visibility":"","ast-main-header-display":"","ast-hfb-above-header-display":"","ast-hfb-below-header-display":"","ast-hfb-mobile-header-display":"","site-post-title":"disabled","ast-breadcrumbs-content":"","ast-featured-img":"disabled","footer-sml-layout":"","ast-disable-related-posts":"","theme-transparent-header-meta":"","adv-header-id-meta":"","stick-header-meta":"","header-above-stick-meta":"","header-main-stick-meta":"","header-below-stick-meta":"","astra-migrate-meta-layouts":"default","ast-page-background-enabled":"default","ast-page-background-meta":{"desktop":{"background-color":"var(--ast-global-color-5)","background-image":"","background-repeat":"repeat","background-position":"center center","background-size":"auto","background-attachment":"scroll","background-type":"","background-media":"","overlay-type":"","overlay-color":"","overlay-opacity":"","overlay-gradient":""},"tablet":{"background-color":"","background-image":"","background-repeat":"repeat","background-position":"center center","background-size":"auto","background-attachment":"scroll","background-type":"","background-media":"","overlay-type":"","overlay-color":"","overlay-opacity":"","overlay-gradient":""},"mobile":{"background-color":"","background-image":"","background-repeat":"repeat","background-position":"center center","background-size":"auto","background-attachment":"scroll","background-type":"","background-media":"","overlay-type":"","overlay-color":"","overlay-opacity":"","overlay-gradient":""}},"ast-content-background-meta":{"desktop":{"background-color":"var(--ast-global-color-4)","background-image":"","background-repeat":"repeat","background-position":"center center","background-size":"auto","background-attachment":"scroll","background-type":"","background-media":"","overlay-type":"","overlay-color":"","overlay-opacity":"","overlay-gradient":""},"tablet":{"background-color":"var(--ast-global-color-4)","background-image":"","background-repeat":"repeat","background-position":"center center","background-size":"auto","background-attachment":"scroll","background-type":"","background-media":"","overlay-type":"","overlay-color":"","overlay-opacity":"","overlay-gradient":""},"mobile":{"background-color":"var(--ast-global-color-4)","background-image":"","background-repeat":"repeat","background-position":"center center","background-size":"auto","background-attachment":"scroll","background-type":"","background-media":"","overlay-type":"","overlay-color":"","overlay-opacity":"","overlay-gradient":""}},"footnotes":""},"class_list":["post-7","page","type-page","status-publish","hentry"],"yoast_head":"<!-- This site is optimized with the Yoast SEO plugin v26.7 - https:\/\/yoast.com\/wordpress\/plugins\/seo\/ -->\n<title>Imatran Vanhusten ja El\u00e4kel\u00e4isten Palvelus\u00e4\u00e4ti\u00f6 - K\u00e4enkadun palvelutalot<\/title>\n<meta name=\"description\" content=\"K\u00e4enkadun palvelutalot. Imatran vanhusten ja el\u00e4kel\u00e4isten palvelus\u00e4\u00e4ti\u00f6. Turvallista ja ihmisl\u00e4heist\u00e4 asumista Imatralla.\" \/>\n<meta name=\"robots\" content=\"index, follow, max-snippet:-1, max-image-preview:large, max-video-preview:-1\" \/>\n<link rel=\"canonical\" href=\"https:\/\/kaenkadunpalvelutalot.fi\/\" \/>\n<meta property=\"og:locale\" content=\"fi_FI\" \/>\n<meta property=\"og:type\" content=\"article\" \/>\n<meta property=\"og:title\" content=\"Imatran Vanhusten ja El\u00e4kel\u00e4isten Palvelus\u00e4\u00e4ti\u00f6 - K\u00e4enkadun palvelutalot\" \/>\n<meta property=\"og:description\" content=\"K\u00e4enkadun palvelutalot. Imatran vanhusten ja el\u00e4kel\u00e4isten palvelus\u00e4\u00e4ti\u00f6. Turvallista ja ihmisl\u00e4heist\u00e4 asumista Imatralla.\" \/>\n<meta property=\"og:url\" content=\"https:\/\/kaenkadunpalvelutalot.fi\/\" \/>\n<meta property=\"og:site_name\" content=\"Imatran Vanhusten ja El\u00e4kel\u00e4isten Palvelus\u00e4\u00e4ti\u00f6\" \/>\n<meta property=\"article:modified_time\" content=\"2026-01-08T13:28:20+00:00\" \/>\n<meta property=\"og:image\" content=\"https:\/\/kaenkadunpalvelutalot.fi\/wp-content\/uploads\/2025\/11\/palvelusaatio.jpg\" \/>\n<meta name=\"twitter:card\" content=\"summary_large_image\" \/>\n<meta name=\"twitter:label1\" content=\"Arvioitu lukuaika\" \/>\n\t<meta name=\"twitter:data1\" content=\"2 minuuttia\" \/>\n<script type=\"application\/ld+json\" class=\"yoast-schema-graph\">{\"@context\":\"https:\/\/schema.org\",\"@graph\":[{\"@type\":\"WebPage\",\"@id\":\"https:\/\/kaenkadunpalvelutalot.fi\/\",\"url\":\"https:\/\/kaenkadunpalvelutalot.fi\/\",\"name\":\"Imatran Vanhusten ja El\u00e4kel\u00e4isten Palvelus\u00e4\u00e4ti\u00f6 - K\u00e4enkadun palvelutalot\",\"isPartOf\":{\"@id\":\"https:\/\/kaenkadunpalvelutalot.fi\/#website\"},\"primaryImageOfPage\":{\"@id\":\"https:\/\/kaenkadunpalvelutalot.fi\/#primaryimage\"},\"image\":{\"@id\":\"https:\/\/kaenkadunpalvelutalot.fi\/#primaryimage\"},\"thumbnailUrl\":\"https:\/\/kaenkadunpalvelutalot.fi\/wp-content\/uploads\/2025\/11\/palvelusaatio.jpg\",\"datePublished\":\"2025-11-27T07:45:49+00:00\",\"dateModified\":\"2026-01-08T13:28:20+00:00\",\"description\":\"K\u00e4enkadun palvelutalot. Imatran vanhusten ja el\u00e4kel\u00e4isten palvelus\u00e4\u00e4ti\u00f6. Turvallista ja ihmisl\u00e4heist\u00e4 asumista Imatralla.\",\"breadcrumb\":{\"@id\":\"https:\/\/kaenkadunpalvelutalot.fi\/#breadcrumb\"},\"inLanguage\":\"fi\",\"potentialAction\":[{\"@type\":\"ReadAction\",\"target\":[\"https:\/\/kaenkadunpalvelutalot.fi\/\"]}]},{\"@type\":\"ImageObject\",\"inLanguage\":\"fi\",\"@id\":\"https:\/\/kaenkadunpalvelutalot.fi\/#primaryimage\",\"url\":\"https:\/\/kaenkadunpalvelutalot.fi\/wp-content\/uploads\/2025\/11\/palvelusaatio.jpg\",\"contentUrl\":\"https:\/\/kaenkadunpalvelutalot.fi\/wp-content\/uploads\/2025\/11\/palvelusaatio.jpg\",\"width\":526,\"height\":362},{\"@type\":\"BreadcrumbList\",\"@id\":\"https:\/\/kaenkadunpalvelutalot.fi\/#breadcrumb\",\"itemListElement\":[{\"@type\":\"ListItem\",\"position\":1,\"name\":\"Etusivu\",\"item\":\"https:\/\/kaenkadunpalvelutalot.fi\/\"},{\"@type\":\"ListItem\",\"position\":2,\"name\":\"Etusivu\"}]},{\"@type\":\"WebSite\",\"@id\":\"https:\/\/kaenkadunpalvelutalot.fi\/#website\",\"url\":\"https:\/\/kaenkadunpalvelutalot.fi\/\",\"name\":\"Imatran Vanhusten ja El\u00e4kel\u00e4isten Palvelus\u00e4\u00e4ti\u00f6\",\"description\":\"\",\"potentialAction\":[{\"@type\":\"SearchAction\",\"target\":{\"@type\":\"EntryPoint\",\"urlTemplate\":\"https:\/\/kaenkadunpalvelutalot.fi\/?s={search_term_string}\"},\"query-input\":{\"@type\":\"PropertyValueSpecification\",\"valueRequired\":true,\"valueName\":\"search_term_string\"}}],\"inLanguage\":\"fi\"}]}<\/script>\n<!-- \/ Yoast SEO plugin. -->","yoast_head_json":{"title":"Imatran Vanhusten ja El\u00e4kel\u00e4isten Palvelus\u00e4\u00e4ti\u00f6 - K\u00e4enkadun palvelutalot","description":"K\u00e4enkadun palvelutalot. Imatran vanhusten ja el\u00e4kel\u00e4isten palvelus\u00e4\u00e4ti\u00f6. Turvallista ja ihmisl\u00e4heist\u00e4 asumista Imatralla.","robots":{"index":"index","follow":"follow","max-snippet":"max-snippet:-1","max-image-preview":"max-image-preview:large","max-video-preview":"max-video-preview:-1"},"canonical":"https:\/\/kaenkadunpalvelutalot.fi\/","og_locale":"fi_FI","og_type":"article","og_title":"Imatran Vanhusten ja El\u00e4kel\u00e4isten Palvelus\u00e4\u00e4ti\u00f6 - K\u00e4enkadun palvelutalot","og_description":"K\u00e4enkadun palvelutalot. Imatran vanhusten ja el\u00e4kel\u00e4isten palvelus\u00e4\u00e4ti\u00f6. Turvallista ja ihmisl\u00e4heist\u00e4 asumista Imatralla.","og_url":"https:\/\/kaenkadunpalvelutalot.fi\/","og_site_name":"Imatran Vanhusten ja El\u00e4kel\u00e4isten Palvelus\u00e4\u00e4ti\u00f6","article_modified_time":"2026-01-08T13:28:20+00:00","og_image":[{"url":"https:\/\/kaenkadunpalvelutalot.fi\/wp-content\/uploads\/2025\/11\/palvelusaatio.jpg","type":"","width":"","height":""}],"twitter_card":"summary_large_image","twitter_misc":{"Arvioitu lukuaika":"2 minuuttia"},"schema":{"@context":"https:\/\/schema.org","@graph":[{"@type":"WebPage","@id":"https:\/\/kaenkadunpalvelutalot.fi\/","url":"https:\/\/kaenkadunpalvelutalot.fi\/","name":"Imatran Vanhusten ja El\u00e4kel\u00e4isten Palvelus\u00e4\u00e4ti\u00f6 - K\u00e4enkadun palvelutalot","isPartOf":{"@id":"https:\/\/kaenkadunpalvelutalot.fi\/#website"},"primaryImageOfPage":{"@id":"https:\/\/kaenkadunpalvelutalot.fi\/#primaryimage"},"image":{"@id":"https:\/\/kaenkadunpalvelutalot.fi\/#primaryimage"},"thumbnailUrl":"https:\/\/kaenkadunpalvelutalot.fi\/wp-content\/uploads\/2025\/11\/palvelusaatio.jpg","datePublished":"2025-11-27T07:45:49+00:00","dateModified":"2026-01-08T13:28:20+00:00","description":"K\u00e4enkadun palvelutalot. Imatran vanhusten ja el\u00e4kel\u00e4isten palvelus\u00e4\u00e4ti\u00f6. Turvallista ja ihmisl\u00e4heist\u00e4 asumista Imatralla.","breadcrumb":{"@id":"https:\/\/kaenkadunpalvelutalot.fi\/#breadcrumb"},"inLanguage":"fi","potentialAction":[{"@type":"ReadAction","target":["https:\/\/kaenkadunpalvelutalot.fi\/"]}]},{"@type":"ImageObject","inLanguage":"fi","@id":"https:\/\/kaenkadunpalvelutalot.fi\/#primaryimage","url":"https:\/\/kaenkadunpalvelutalot.fi\/wp-content\/uploads\/2025\/11\/palvelusaatio.jpg","contentUrl":"https:\/\/kaenkadunpalvelutalot.fi\/wp-content\/uploads\/2025\/11\/palvelusaatio.jpg","width":526,"height":362},{"@type":"BreadcrumbList","@id":"https:\/\/kaenkadunpalvelutalot.fi\/#breadcrumb","itemListElement":[{"@type":"ListItem","position":1,"name":"Etusivu","item":"https:\/\/kaenkadunpalvelutalot.fi\/"},{"@type":"ListItem","position":2,"name":"Etusivu"}]},{"@type":"WebSite","@id":"https:\/\/kaenkadunpalvelutalot.fi\/#website","url":"https:\/\/kaenkadunpalvelutalot.fi\/","name":"Imatran Vanhusten ja El\u00e4kel\u00e4isten Palvelus\u00e4\u00e4ti\u00f6","description":"","potentialAction":[{"@type":"SearchAction","target":{"@type":"EntryPoint","urlTemplate":"https:\/\/kaenkadunpalvelutalot.fi\/?s={search_term_string}"},"query-input":{"@type":"PropertyValueSpecification","valueRequired":true,"valueName":"search_term_string"}}],"inLanguage":"fi"}]}},"_links":{"self":[{"href":"https:\/\/kaenkadunpalvelutalot.fi\/index.php?rest_route=\/wp\/v2\/pages\/7","targetHints":{"allow":["GET"]}}],"collection":[{"href":"https:\/\/kaenkadunpalvelutalot.fi\/index.php?rest_route=\/wp\/v2\/pages"}],"about":[{"href":"https:\/\/kaenkadunpalvelutalot.fi\/index.php?rest_route=\/wp\/v2\/types\/page"}],"author":[{"embeddable":true,"href":"https:\/\/kaenkadunpalvelutalot.fi\/index.php?rest_route=\/wp\/v2\/users\/1"}],"replies":[{"embeddable":true,"href":"https:\/\/kaenkadunpalvelutalot.fi\/index.php?rest_route=%2Fwp%2Fv2%2Fcomments&post=7"}],"version-history":[{"count":34,"href":"https:\/\/kaenkadunpalvelutalot.fi\/index.php?rest_route=\/wp\/v2\/pages\/7\/revisions"}],"predecessor-version":[{"id":266,"href":"https:\/\/kaenkadunpalvelutalot.fi\/index.php?rest_route=\/wp\/v2\/pages\/7\/revisions\/266"}],"wp:attachment":[{"href":"https:\/\/kaenkadunpalvelutalot.fi\/index.php?rest_route=%2Fwp%2Fv2%2Fmedia&parent=7"}],"curies":[{"name":"wp","href":"https:\/\/api.w.org\/{rel}","templated":true}]}}